{"id":11,"date":"2016-08-18T11:10:26","date_gmt":"2016-08-18T08:10:26","guid":{"rendered":"https:\/\/kosekoolitus.ee\/?page_id=11"},"modified":"2022-11-08T21:25:29","modified_gmt":"2022-11-08T19:25:29","slug":"a-kategooria","status":"publish","type":"page","link":"https:\/\/kosekoolitus.ee\/?page_id=11","title":{"rendered":"A-kategooria"},"content":{"rendered":"<p>A-kategooria kursused toimuvad vastavalt riiklikule \u00f5ppekavale.<\/p>\n<p>\u00d5ppet\u00f6\u00f6d teostame soovijate olemasolul. A-kategooria kursustele palume eelregistreerida allj\u00e4rgneval ankeedil ning seej\u00e4rel v\u00f5tame Teiega ise \u00fchendust.<\/p>\n<div style=\"display:none\" class=\"fm-form-container fm-theme1\"><div id=\"fm-pages13\" class=\"fm-pages wdform_page_navigation \" show_title=\"false\" show_numbers=\"true\" type=\"none\"><\/div><form name=\"form13\" action=\"\/index.php?rest_route=%2Fwp%2Fv2%2Fpages%2F11\" method=\"post\" id=\"form13\" class=\"fm-form form13  \" enctype=\"multipart\/form-data\"><input type=\"hidden\" id=\"fm_page_id13\" value=\"11\" name=\"fm_page_id13\" \/><input type=\"hidden\" id=\"fm_current_post_type13\" value=\"page\" name=\"fm_current_post_type13\" \/><input type=\"hidden\" id=\"counter13\" value=\"8\" name=\"counter13\" \/><input type=\"hidden\" id=\"Itemid13\" value=\"\" name=\"Itemid13\" \/><input type=\"hidden\" id=\"fm_shake13\" value=\"1\" name=\"fm_shake13\" \/><input type=\"text\" class=\"fm-hide\" id=\"fm_empty_field_validation13\" value=\"\" name=\"fm_empty_field_validation13\" data-value=\"bd736efb144d599cf463541431fbf5c4\" \/><div class=\"wdform-page-and-images fm-form-builder\" style=\"display: table; border-width: 1px; border-top-style: solid; border-top-color: black;\"><div id=\"13form_view1\" class=\"wdform_page\" page_title=\"Untitled page\" next_title=\"Next\" next_type=\"text\" next_class=\"wdform-page-button\" next_checkable=\"false\" previous_title=\"Previous\" previous_type=\"text\" previous_class=\"wdform-page-button\" previous_checkable=\"false\"><div class=\"wdform_section fm-col-1\"><div class=\"wdform_column\"><div wdid=\"1\" class=\"wdform_row\"><div type=\"type_name\" class=\"wdform-field wd-width-100 wd-flex wd-flex-row fm-type_name\" ><div class=\"wdform-label-section wd-width-30  wd-flex-row\" style=\"max-width: 150px;\">    <label  for=\"wdform_1_element_first13\" class=\"wdform-label\">Nimi:<\/label><span class=\"wdform-required\">*<\/span><\/div><div class=\"wdform-element-section wd-flex  wd-flex-row wd-width-70\" style=\"max-width: 300px;\"><div class=\"wd-flex wd-flex-column wd-width-50\"><input type=\"text\" class=\"wd-width-100\" id=\"wdform_1_element_first13\" name=\"wdform_1_element_first13\" data-value=\"\" value=\"\" title=\"\" placeholder=\"\"  \/><label class=\"mini_label\" for=\"wdform_1_element_first13\">Eesnimi<\/label><\/div><div class=\"wd-flex wd-flex-column wd-name-separator\"><\/div><div class=\"wd-flex wd-flex-column wd-width-50\"><input type=\"text\" class=\"wd-width-100\" id=\"wdform_1_element_last13\" name=\"wdform_1_element_last13\" data-value=\"\" value=\"\" title=\"\" placeholder=\"\"  \/><label class=\"mini_label\" for=\"wdform_1_element_last13\">Perenimi<\/label><\/div><\/div><\/div><\/div><\/div><div class=\"wdform_column\"><div wdid=\"2\" class=\"wdform_row\"><div type=\"type_submitter_mail\" class=\"wdform-field wd-width-100 wd-flex wd-flex-row fm-type_submitter_mail\" ><div class=\"wdform-label-section wd-width-30  wd-flex-row\" style=\"max-width: 150px;\">    <label  for=\"wdform_2_element13\" class=\"wdform-label\">Meiliaadress:<\/label><span class=\"wdform-required\">*<\/span><\/div><div class=\"wdform-element-section wd-flex  wd-flex-row wd-width-70\" style=\"max-width: 300px;\"><input type=\"text\" class=\"wd-width-100\" id=\"wdform_2_element13\" name=\"wdform_2_element13\" data-value=\"\" value=\"\" title=\"example@mailbox.com\" placeholder=\"example@mailbox.com\"   attribute=value onchange=\"wd_check_email('2', '13', 'See ei ole kehtiv e-posti aadress.')\" \/><\/div><\/div><\/div><\/div><div class=\"wdform_column\"><div wdid=\"3\" class=\"wdform_row\"><div type=\"type_text\" class=\"wdform-field wd-width-100 wd-flex wd-flex-row fm-type_text\" ><div class=\"wdform-label-section wd-width-30  wd-flex-row wd-align-items-center\" style=\"max-width: 150px;\">    <label  for=\"wdform_3_element13\" class=\"wdform-label\">Telefon:<\/label><span class=\"wdform-required\">*<\/span><\/div><div class=\"wdform-element-section wd-flex  wd-flex-row wd-align-items-center wd-width-70\" style=\"max-width: 200px;\"><input type=\"text\"                           class=\"wd-width-100\"                           id=\"wdform_3_element13\"                           name=\"wdform_3_element13\"                           value=\"\"                           data-value=\"\"                           title=\"\"                           placeholder=\"\"                                                       \/><\/div><\/div><\/div><\/div><div class=\"wdform_column\"><div wdid=\"7\" class=\"wdform_row\" style=\"position: relative; left: 0px; top: 0px;\"><div type=\"type_checkbox\" class=\"wdform-field wd-width-100 wd-flex wd-flex-row fm-type_checkbox\" ><div class=\"wdform-label-section wd-width-30  wd-flex-wrap wd-flex-column\" style=\"max-width: 150px;\">    <label  class=\"wdform-label\">Olemasolevad juhtimis\u00f5igused:<\/label><span class=\"wdform-required\">*<\/span><\/div><div class=\"wdform-element-section wd-flex  wd-flex-wrap wd-flex-column wd-width-70\" ><div class=\"wd-flex wd-flex-column\"><input type=\"hidden\" name=\"wdform_7_element13\" value=\"\" \/><div class=\"checkbox-div wd-choice wd-flex wd-flex-row\"><input type=\"checkbox\"  id=\"wdform_7_element130\" name=\"wdform_7_element130\" value=\"B-kategooria\"    \/><label class=\"wd-align-items-center wd-flex wd-flex-row\" for=\"wdform_7_element130\"><span><\/span>B-kategooria<\/label><\/div><div class=\"checkbox-div wd-choice wd-flex wd-flex-row\"><input type=\"checkbox\"  id=\"wdform_7_element131\" name=\"wdform_7_element131\" value=\"C-kategooria\"    \/><label class=\"wd-align-items-center wd-flex wd-flex-row\" for=\"wdform_7_element131\"><span><\/span>C-kategooria<\/label><\/div><div class=\"checkbox-div wd-choice wd-flex wd-flex-row\"><input type=\"checkbox\"  id=\"wdform_7_element132\" name=\"wdform_7_element132\" value=\"D-kategooria\"    \/><label class=\"wd-align-items-center wd-flex wd-flex-row\" for=\"wdform_7_element132\"><span><\/span>D-kategooria<\/label><\/div><div class=\"checkbox-div wd-choice wd-flex wd-flex-row\"><input type=\"checkbox\"  id=\"wdform_7_element133\" name=\"wdform_7_element133\" value=\"\u00dckski eelnevatest\"    \/><label class=\"wd-align-items-center wd-flex wd-flex-row\" for=\"wdform_7_element133\"><span><\/span>\u00dckski eelnevatest<\/label><\/div><\/div><\/div><\/div><\/div><\/div><div class=\"wdform_column\"><div wdid=\"4\" class=\"wdform_row\" style=\"position: relative; left: 0px; top: 0px;\"><div type=\"type_submit_reset\" class=\"wdform-field wd-width-100 wd-flex wd-flex-column fm-type_submit_reset\" ><div class=\"wdform-element-section wd-flex  wd-flex-row wd-width-100\" ><button  type=\"button\" class=\"button-submit\" onclick=\"fm_submit_form('13');\"  data-ajax=\"0\"><span class=\"fm-submit-loading spinner fm-ico-spinner\"><\/span>Saada!<\/button><button  type=\"button\" class=\"button-reset wd-hidden\" onclick=\"fm_reset_form(13);\" >Reset<\/button><\/div><\/div><\/div><\/div><\/div><div valign=\"top\" class=\"wdform_footer\" style=\"width: 100%;\"><div style=\"width: 100%;\"><div style=\"width: 100%; display: table;\"><div style=\"display: table-row-group;\"><div id=\"13page_nav1\" style=\"display: table-row;\"><\/div><\/div><\/div><\/div><\/div><\/div><\/div><div class=\"wdform_preload\"><\/div><input type=\"hidden\" name=\"fm-current-page\" value=\"https:\/\/kosekoolitus.ee\/index.php?rest_route=%2Fwp%2Fv2%2Fpages%2F11\" \/><\/form><\/div>\n<p>Vaata ka tervet\u00a0<a href=\"https:\/\/kosekoolitus.ee\/wp-content\/uploads\/2022\/11\/A-A1-A2-kategooria-oppekava-Kose-Koolitus-MTU.pdf\">A-kategooria \u00f5ppekav<\/a><a href=\"https:\/\/kosekoolitus.ee\/wp-content\/uploads\/2022\/11\/A-A1-A2-kategooria-oppekava-Kose-Koolitus-MTU.pdf\">a!<\/a><\/p>\n","protected":false},"excerpt":{"rendered":"<div class=\"mh-excerpt\"><p>A-kategooria kursused toimuvad vastavalt riiklikule \u00f5ppekavale. \u00d5ppet\u00f6\u00f6d teostame soovijate olemasolul. A-kategooria kursustele palume eelregistreerida allj\u00e4rgneval ankeedil ning seej\u00e4rel v\u00f5tame Teiega ise \u00fchendust. Vaata ka tervet\u00a0A-kategooria <a class=\"mh-excerpt-more\" href=\"https:\/\/kosekoolitus.ee\/?page_id=11\" title=\"A-kategooria\"><span>Read More<\/span><\/a><\/p>\n<\/div>","protected":false},"author":1,"featured_media":0,"parent":9,"menu_order":0,"comment_status":"closed","ping_status":"closed","template":"","meta":{"footnotes":""},"_links":{"self":[{"href":"https:\/\/kosekoolitus.ee\/index.php?rest_route=\/wp\/v2\/pages\/11"}],"collection":[{"href":"https:\/\/kosekoolitus.ee\/index.php?rest_route=\/wp\/v2\/pages"}],"about":[{"href":"https:\/\/kosekoolitus.ee\/index.php?rest_route=\/wp\/v2\/types\/page"}],"author":[{"embeddable":true,"href":"https:\/\/kosekoolitus.ee\/index.php?rest_route=\/wp\/v2\/users\/1"}],"replies":[{"embeddable":true,"href":"https:\/\/kosekoolitus.ee\/index.php?rest_route=%2Fwp%2Fv2%2Fcomments&post=11"}],"version-history":[{"count":5,"href":"https:\/\/kosekoolitus.ee\/index.php?rest_route=\/wp\/v2\/pages\/11\/revisions"}],"predecessor-version":[{"id":319,"href":"https:\/\/kosekoolitus.ee\/index.php?rest_route=\/wp\/v2\/pages\/11\/revisions\/319"}],"up":[{"embeddable":true,"href":"https:\/\/kosekoolitus.ee\/index.php?rest_route=\/wp\/v2\/pages\/9"}],"wp:attachment":[{"href":"https:\/\/kosekoolitus.ee\/index.php?rest_route=%2Fwp%2Fv2%2Fmedia&parent=11"}],"curies":[{"name":"wp","href":"https:\/\/api.w.org\/{rel}","templated":true}]}}