{"id":13,"date":"2016-08-18T11:10:40","date_gmt":"2016-08-18T08:10:40","guid":{"rendered":"https:\/\/kosekoolitus.ee\/?page_id=13"},"modified":"2022-11-08T20:20:16","modified_gmt":"2022-11-08T18:20:16","slug":"b-kategooria","status":"publish","type":"page","link":"https:\/\/kosekoolitus.ee\/?page_id=13","title":{"rendered":"B-kategooria"},"content":{"rendered":"<p>Esma\u00f5ppe algastme koolitus toimub reeglina kaks korda aastas. Esimene \u00f5pper\u00fchm alustab t\u00f6\u00f6d septembris ja \u00f5ppet\u00f6\u00f6 l\u00f5peb orienteeruvalt detsembris, teine \u00f5pper\u00fchm alustab t\u00f6\u00f6d jaanuaris ja \u00f5ppet\u00f6\u00f6 l\u00f5peb orienteeruvalt mais.<\/p>\n<p>Kogunemisele palume kaasa v\u00f5tta <strong>koopia ID-kaardist, 1 v\u00e4rvifoto<\/strong> (m\u00f5\u00f5tmetega 3,5&#215;4,5cm) \u00f5ppes\u00f5idukaardile. \u00a0Eelnevalt oleks soovitav l\u00e4bida arstlik kontroll ja omada kehtivat s\u00f5idukijuhi terviset\u00f5endit (perearst)!<\/p>\n<div style=\"display:none\" class=\"fm-form-container fm-theme1\"><div id=\"fm-pages11\" class=\"fm-pages wdform_page_navigation \" show_title=\"false\" show_numbers=\"true\" type=\"none\"><\/div><form name=\"form11\" action=\"\/index.php?rest_route=%2Fwp%2Fv2%2Fpages%2F13\" method=\"post\" id=\"form11\" class=\"fm-form form11  \" enctype=\"multipart\/form-data\"><input type=\"hidden\" id=\"fm_page_id11\" value=\"13\" name=\"fm_page_id11\" \/><input type=\"hidden\" id=\"fm_current_post_type11\" value=\"page\" name=\"fm_current_post_type11\" \/><input type=\"hidden\" id=\"counter11\" value=\"7\" name=\"counter11\" \/><input type=\"hidden\" id=\"Itemid11\" value=\"\" name=\"Itemid11\" \/><input type=\"hidden\" id=\"fm_shake11\" value=\"1\" name=\"fm_shake11\" \/><input type=\"text\" class=\"fm-hide\" id=\"fm_empty_field_validation11\" value=\"\" name=\"fm_empty_field_validation11\" data-value=\"bd736efb144d599cf463541431fbf5c4\" \/><div class=\"wdform-page-and-images fm-form-builder\" style=\"display:table; border-top:0px solid black;\"><div id=\"11form_view1\" class=\"wdform_page\" page_title=\"Untitled page\" next_title=\"Next\" next_type=\"text\" next_class=\"wdform-page-button\" next_checkable=\"false\" previous_title=\"Previous\" previous_type=\"text\" previous_class=\"wdform-page-button\" previous_checkable=\"false\"><div class=\"wdform_section fm-col-1\"><div class=\"wdform_column\"><div wdid=\"1\" class=\"wdform_row\"><div type=\"type_name\" class=\"wdform-field wd-width-100 wd-flex wd-flex-row fm-type_name\" ><div class=\"wdform-label-section wd-width-30  wd-flex-row\" style=\"max-width: 150px;\">    <label  for=\"wdform_1_element_first11\" class=\"wdform-label\">Nimi:<\/label><span class=\"wdform-required\">*<\/span><\/div><div class=\"wdform-element-section wd-flex  wd-flex-row wd-width-70\" style=\"max-width: 250px;\"><div class=\"wd-flex wd-flex-column wd-width-50\"><input type=\"text\" class=\"wd-width-100\" id=\"wdform_1_element_first11\" name=\"wdform_1_element_first11\" data-value=\"\" value=\"\" title=\"Eesnimi\" placeholder=\"Eesnimi\"  \/><label class=\"mini_label\" for=\"wdform_1_element_first11\"><\/label><\/div><div class=\"wd-flex wd-flex-column wd-name-separator\"><\/div><div class=\"wd-flex wd-flex-column wd-width-50\"><input type=\"text\" class=\"wd-width-100\" id=\"wdform_1_element_last11\" name=\"wdform_1_element_last11\" data-value=\"\" value=\"\" title=\"Perenimi\" placeholder=\"Perenimi\"  \/><label class=\"mini_label\" for=\"wdform_1_element_last11\"><\/label><\/div><\/div><\/div><\/div><\/div><div class=\"wdform_column\"><div wdid=\"2\" class=\"wdform_row\"><div type=\"type_submitter_mail\" class=\"wdform-field wd-width-100 wd-flex wd-flex-row fm-type_submitter_mail\" ><div class=\"wdform-label-section wd-width-30  wd-flex-row\" style=\"max-width: 150px;\">    <label  for=\"wdform_2_element11\" class=\"wdform-label\">Meiliaadress:<\/label><span class=\"wdform-required\">*<\/span><\/div><div class=\"wdform-element-section wd-flex  wd-flex-row wd-width-70\" style=\"max-width: 200px;\"><input type=\"text\" class=\"wd-width-100\" id=\"wdform_2_element11\" name=\"wdform_2_element11\" data-value=\"\" value=\"\" title=\"info@mailbox.com\" placeholder=\"info@mailbox.com\"   onchange=\"wd_check_email('2', '11', 'See ei ole kehtiv e-posti aadress.')\" \/><\/div><\/div><\/div><\/div><div class=\"wdform_column\"><div wdid=\"3\" class=\"wdform_row\"><div type=\"type_text\" class=\"wdform-field wd-width-100 wd-flex wd-flex-row fm-type_text\" ><div class=\"wdform-label-section wd-width-30  wd-flex-row wd-align-items-center\" style=\"max-width: 150px;\">    <label  for=\"wdform_3_element11\" class=\"wdform-label\">Telefon:<\/label><span class=\"wdform-required\">*<\/span><\/div><div class=\"wdform-element-section wd-flex  wd-flex-row wd-align-items-center wd-width-70\" style=\"max-width: 200px;\"><input type=\"text\"                           class=\"wd-width-100\"                           id=\"wdform_3_element11\"                           name=\"wdform_3_element11\"                           value=\"\"                           data-value=\"\"                           title=\"\"                           placeholder=\"\"                                                       \/><\/div><\/div><\/div><\/div><div class=\"wdform_column\"><div wdid=\"6\" class=\"wdform_row\"><div type=\"type_text\" class=\"wdform-field wd-width-100 wd-flex wd-flex-row fm-type_text\" ><div class=\"wdform-label-section wd-width-30  wd-flex-row wd-align-items-center\" style=\"max-width: 150px;\">    <label  for=\"wdform_6_element11\" class=\"wdform-label\">S\u00fcnniaeg:<\/label><span class=\"wdform-required\">*<\/span><\/div><div class=\"wdform-element-section wd-flex  wd-flex-row wd-align-items-center wd-width-70\" style=\"max-width: 150px;\"><input type=\"text\"                           class=\"wd-width-100\"                           id=\"wdform_6_element11\"                           name=\"wdform_6_element11\"                           value=\"\"                           data-value=\"\"                           title=\"01.01.1900\"                           placeholder=\"01.01.1900\"                                                       \/><\/div><\/div><\/div><\/div><div class=\"wdform_column\"><div wdid=\"4\" class=\"wdform_row\"><div type=\"type_submit_reset\" class=\"wdform-field wd-width-100 wd-flex wd-flex-column fm-type_submit_reset\" ><div class=\"wdform-element-section wd-flex  wd-flex-row wd-width-100\" ><button  type=\"button\" class=\"button-submit\" onclick=\"fm_submit_form('11');\"  data-ajax=\"0\"><span class=\"fm-submit-loading spinner fm-ico-spinner\"><\/span>Saada!<\/button><button  type=\"button\" class=\"button-reset wd-hidden\" onclick=\"fm_reset_form(11);\" >Reset<\/button><\/div><\/div><\/div><\/div><\/div><div valign=\"top\" class=\"wdform_footer\" style=\"width: 100%;\"><div style=\"width: 100%;\"><div style=\"width: 100%; display: table;\"><div style=\"display: table-row-group;\"><div id=\"11page_nav1\" style=\"display: table-row;\"><\/div><\/div><\/div><\/div><\/div><\/div><\/div><div class=\"wdform_preload\"><\/div><input type=\"hidden\" name=\"fm-current-page\" value=\"https:\/\/kosekoolitus.ee\/index.php?rest_route=%2Fwp%2Fv2%2Fpages%2F13\" \/><\/form><\/div>\n<p>Teooria\u00f5pe viiakse l\u00e4bi Kose G\u00fcmnaasiumi ruumides kuni kolm korda n\u00e4dalas. \u00d5ppet\u00f6\u00f6 toimub reeglina esmasp\u00e4eviti, kolmap\u00e4eviti ja neljap\u00e4eviti algusega kl 18:00 ja kestvusega 2 akadeemilist tundi.<\/p>\n<p>S\u00f5idu\u00f5pe viiakse l\u00e4bi vastavalt individuaalsele \u00f5ppeplaanile arvestades teooria\u00f5ppe k\u00e4iku, enamasti alates 3. \u00f5ppen\u00e4dalast.<\/p>\n<p>\u00d5ppet\u00f6\u00f6 aluseks on MT\u00dc Kose koolituse koostatud ainekaardid ja MS Powerpoint esitlusmaterjal.<\/p>\n<p>Koolitusel osaleja saab koolitajalt j\u00e4rgmised \u00f5ppematerjalid:<\/p>\n<ol>\n<li>Liiklusseadus. Liiklusm\u00e4rkide ja teem\u00e4rgiste t\u00e4hendused ning n\u00f5uded fooridele EAKL, kirjastus Hansaprint O\u00dc, 2017.<\/li>\n<li>Liiklus\u00fclesannete kogu, EAKL.<\/li>\n<\/ol>\n<p>Vaata ka tervet <a href=\"https:\/\/kosekoolitus.ee\/wp-content\/uploads\/2022\/11\/B-kategooria-oppekava-Kose-Koolitus-MTU.pdf\">B-kategooria \u00f5ppekava<\/a>!<\/p>\n","protected":false},"excerpt":{"rendered":"<div class=\"mh-excerpt\"><p>Esma\u00f5ppe algastme koolitus toimub reeglina kaks korda aastas. Esimene \u00f5pper\u00fchm alustab t\u00f6\u00f6d septembris ja \u00f5ppet\u00f6\u00f6 l\u00f5peb orienteeruvalt detsembris, teine \u00f5pper\u00fchm alustab t\u00f6\u00f6d jaanuaris ja \u00f5ppet\u00f6\u00f6 <a class=\"mh-excerpt-more\" href=\"https:\/\/kosekoolitus.ee\/?page_id=13\" title=\"B-kategooria\"><span>Read More<\/span><\/a><\/p>\n<\/div>","protected":false},"author":1,"featured_media":0,"parent":9,"menu_order":0,"comment_status":"closed","ping_status":"closed","template":"","meta":{"footnotes":""},"_links":{"self":[{"href":"https:\/\/kosekoolitus.ee\/index.php?rest_route=\/wp\/v2\/pages\/13"}],"collection":[{"href":"https:\/\/kosekoolitus.ee\/index.php?rest_route=\/wp\/v2\/pages"}],"about":[{"href":"https:\/\/kosekoolitus.ee\/index.php?rest_route=\/wp\/v2\/types\/page"}],"author":[{"embeddable":true,"href":"https:\/\/kosekoolitus.ee\/index.php?rest_route=\/wp\/v2\/users\/1"}],"replies":[{"embeddable":true,"href":"https:\/\/kosekoolitus.ee\/index.php?rest_route=%2Fwp%2Fv2%2Fcomments&post=13"}],"version-history":[{"count":5,"href":"https:\/\/kosekoolitus.ee\/index.php?rest_route=\/wp\/v2\/pages\/13\/revisions"}],"predecessor-version":[{"id":305,"href":"https:\/\/kosekoolitus.ee\/index.php?rest_route=\/wp\/v2\/pages\/13\/revisions\/305"}],"up":[{"embeddable":true,"href":"https:\/\/kosekoolitus.ee\/index.php?rest_route=\/wp\/v2\/pages\/9"}],"wp:attachment":[{"href":"https:\/\/kosekoolitus.ee\/index.php?rest_route=%2Fwp%2Fv2%2Fmedia&parent=13"}],"curies":[{"name":"wp","href":"https:\/\/api.w.org\/{rel}","templated":true}]}}