{"id":15,"date":"2016-08-18T11:11:05","date_gmt":"2016-08-18T08:11:05","guid":{"rendered":"https:\/\/kosekoolitus.ee\/?page_id=15"},"modified":"2023-10-24T16:30:16","modified_gmt":"2023-10-24T13:30:16","slug":"opetajad","status":"publish","type":"page","link":"https:\/\/kosekoolitus.ee\/?page_id=15","title":{"rendered":"\u00d5petajad"},"content":{"rendered":"\n<div class=\"wp-block-media-text alignwide is-stacked-on-mobile is-vertically-aligned-top\" style=\"grid-template-columns:35% auto\"><figure class=\"wp-block-media-text__media\"><img loading=\"lazy\" decoding=\"async\" width=\"1024\" height=\"683\" src=\"https:\/\/kosekoolitus.ee\/wp-content\/uploads\/2023\/10\/C2-1024x683.jpg\" alt=\"\" class=\"wp-image-375 size-full\" srcset=\"https:\/\/www.kosekoolitus.ee\/wp-content\/uploads\/2023\/10\/C2-1024x683.jpg 1024w, https:\/\/www.kosekoolitus.ee\/wp-content\/uploads\/2023\/10\/C2-300x200.jpg 300w, https:\/\/www.kosekoolitus.ee\/wp-content\/uploads\/2023\/10\/C2-768x512.jpg 768w, https:\/\/www.kosekoolitus.ee\/wp-content\/uploads\/2023\/10\/C2-1536x1024.jpg 1536w, https:\/\/www.kosekoolitus.ee\/wp-content\/uploads\/2023\/10\/C2-2048x1365.jpg 2048w\" sizes=\"(max-width: 1024px) 100vw, 1024px\" \/><\/figure><div class=\"wp-block-media-text__content\">\n<p class=\"has-medium-font-size\"><strong>SVEN ANDRESEN<\/strong><br>K\u00f5rgem tehniline (mag). Autoinsener. Mootors\u00f5idukijuhi \u00f5petaja kutse, tase 6 (kategooriad B, C, D). Koolitaja alates 1983. aastast.<br>Kontakttelefon: 5106096 <\/p>\n<\/div><\/div>\n\n\n\n<p><\/p>\n\n\n\n<div class=\"wp-block-media-text alignwide is-stacked-on-mobile is-vertically-aligned-top\" style=\"grid-template-columns:35% auto\"><figure class=\"wp-block-media-text__media\"><img loading=\"lazy\" decoding=\"async\" width=\"1024\" height=\"683\" src=\"https:\/\/kosekoolitus.ee\/wp-content\/uploads\/2016\/08\/IMGP5918-1024x683.jpg\" alt=\"Aivar Pihla\" class=\"wp-image-156 size-full\" srcset=\"https:\/\/www.kosekoolitus.ee\/wp-content\/uploads\/2016\/08\/IMGP5918-1024x683.jpg 1024w, https:\/\/www.kosekoolitus.ee\/wp-content\/uploads\/2016\/08\/IMGP5918-300x200.jpg 300w, https:\/\/www.kosekoolitus.ee\/wp-content\/uploads\/2016\/08\/IMGP5918-768x512.jpg 768w\" sizes=\"(max-width: 1024px) 100vw, 1024px\" \/><\/figure><div class=\"wp-block-media-text__content\">\n<p class=\"has-medium-font-size\"><strong>AIVAR PIHLA<\/strong><br>K\u00f5rgem pedagoogiline (bak.), tehniline keskeriharidus. Mootors\u00f5idukijuhi \u00f5petaja (kategooriad A, B, C, D, E). \u00d5petaja alates 1990. aastast.<br>Kontakttelefon: 5082200 <\/p>\n<\/div><\/div>\n\n\n\n<p><\/p>\n\n\n\n<div class=\"wp-block-media-text alignwide is-stacked-on-mobile is-vertically-aligned-top\" style=\"grid-template-columns:35% auto\"><figure class=\"wp-block-media-text__media\"><img loading=\"lazy\" decoding=\"async\" width=\"1024\" height=\"683\" src=\"https:\/\/kosekoolitus.ee\/wp-content\/uploads\/2016\/08\/IMGP5923-1024x683.jpg\" alt=\"\" class=\"wp-image-155 size-full\" srcset=\"https:\/\/www.kosekoolitus.ee\/wp-content\/uploads\/2016\/08\/IMGP5923-1024x683.jpg 1024w, https:\/\/www.kosekoolitus.ee\/wp-content\/uploads\/2016\/08\/IMGP5923-300x200.jpg 300w, https:\/\/www.kosekoolitus.ee\/wp-content\/uploads\/2016\/08\/IMGP5923-768x512.jpg 768w\" sizes=\"(max-width: 1024px) 100vw, 1024px\" \/><\/figure><div class=\"wp-block-media-text__content\">\n<p class=\"has-medium-font-size\"><strong><strong>ARNE REIMANN<\/strong><br><\/strong>K\u00f5rgem pedagoogiline (bak.), tehniline keskeriharidus. Mootors\u00f5idukijuhi \u00f5petaja (kategooriad A, B, BE, C, CE, DE, T). \u00d5petaja alates 2000. aastast.<br>Kontakttelefon: 5147553 <\/p>\n<\/div><\/div>\n\n\n\n<p><\/p>\n\n\n\n<div class=\"wp-block-media-text alignwide is-stacked-on-mobile is-vertically-aligned-top\" style=\"grid-template-columns:35% auto\"><figure class=\"wp-block-media-text__media\"><img loading=\"lazy\" decoding=\"async\" width=\"1024\" height=\"683\" src=\"https:\/\/kosekoolitus.ee\/wp-content\/uploads\/2023\/10\/A2-1-1024x683.jpg\" alt=\"\" class=\"wp-image-373 size-full\" srcset=\"https:\/\/www.kosekoolitus.ee\/wp-content\/uploads\/2023\/10\/A2-1-1024x683.jpg 1024w, https:\/\/www.kosekoolitus.ee\/wp-content\/uploads\/2023\/10\/A2-1-300x200.jpg 300w, https:\/\/www.kosekoolitus.ee\/wp-content\/uploads\/2023\/10\/A2-1-768x512.jpg 768w, https:\/\/www.kosekoolitus.ee\/wp-content\/uploads\/2023\/10\/A2-1-1536x1024.jpg 1536w, https:\/\/www.kosekoolitus.ee\/wp-content\/uploads\/2023\/10\/A2-1-2048x1365.jpg 2048w\" sizes=\"(max-width: 1024px) 100vw, 1024px\" \/><\/figure><div class=\"wp-block-media-text__content\">\n<p class=\"has-medium-font-size\"><strong>TOFIK MAMEDOV<\/strong><br>K\u00f5rgem pedagoogiline (mag). Mootors\u00f5idukijuhi \u00f5petaja (kategooria B). \u00d5petaja alates 1992. aastast.<br>Kontakttelefon: 53303169 <\/p>\n<\/div><\/div>\n\n\n\n<p><\/p>\n\n\n\n<div class=\"wp-block-media-text alignwide is-stacked-on-mobile is-vertically-aligned-top\" style=\"grid-template-columns:35% auto\"><figure class=\"wp-block-media-text__media\"><img loading=\"lazy\" decoding=\"async\" width=\"1024\" height=\"683\" src=\"https:\/\/kosekoolitus.ee\/wp-content\/uploads\/2023\/10\/D1-1024x683.jpg\" alt=\"\" class=\"wp-image-376 size-full\" srcset=\"https:\/\/www.kosekoolitus.ee\/wp-content\/uploads\/2023\/10\/D1-1024x683.jpg 1024w, https:\/\/www.kosekoolitus.ee\/wp-content\/uploads\/2023\/10\/D1-300x200.jpg 300w, https:\/\/www.kosekoolitus.ee\/wp-content\/uploads\/2023\/10\/D1-768x512.jpg 768w, https:\/\/www.kosekoolitus.ee\/wp-content\/uploads\/2023\/10\/D1-1536x1024.jpg 1536w, https:\/\/www.kosekoolitus.ee\/wp-content\/uploads\/2023\/10\/D1-2048x1366.jpg 2048w\" sizes=\"(max-width: 1024px) 100vw, 1024px\" \/><\/figure><div class=\"wp-block-media-text__content\">\n<p class=\"has-medium-font-size\"><strong>ENNO ALJAS<\/strong><br>Tehniline keskeriharidus. Mootors\u00f5idukijuhi \u00f5petaja (kategooriad B, BE, C, CE, DE, T). \u00d5petaja alates 2002. aastast. <\/p>\n<\/div><\/div>\n\n\n\n<p><\/p>\n\n\n\n<div class=\"wp-block-media-text alignwide is-stacked-on-mobile is-vertically-aligned-center\" style=\"grid-template-columns:35% auto\"><figure class=\"wp-block-media-text__media\"><img loading=\"lazy\" decoding=\"async\" width=\"1024\" height=\"683\" src=\"https:\/\/www.kosekoolitus.ee\/wp-content\/uploads\/2023\/10\/B2-1024x683.jpg\" alt=\"\" class=\"wp-image-372 size-full\" srcset=\"https:\/\/www.kosekoolitus.ee\/wp-content\/uploads\/2023\/10\/B2-1024x683.jpg 1024w, https:\/\/www.kosekoolitus.ee\/wp-content\/uploads\/2023\/10\/B2-300x200.jpg 300w, https:\/\/www.kosekoolitus.ee\/wp-content\/uploads\/2023\/10\/B2-768x512.jpg 768w, https:\/\/www.kosekoolitus.ee\/wp-content\/uploads\/2023\/10\/B2-1536x1024.jpg 1536w, https:\/\/www.kosekoolitus.ee\/wp-content\/uploads\/2023\/10\/B2-2048x1365.jpg 2048w\" sizes=\"(max-width: 1024px) 100vw, 1024px\" \/><\/figure><div class=\"wp-block-media-text__content\">\n<p class=\"has-medium-font-size\"><strong>ARTUR STOLFAT <br><\/strong>\u00d5igusteaduste k\u00f5rgharidus (bakalaureus). Mootors\u00f5idukijuhi \u00f5petaja (kategooria B) manuaal- ja automaatk\u00e4igukastiga s\u00f5idukitega.<br>\u00d5petaja alates 2015. aastast.<br>Transpordiameti (endine Maanteeamet) poolt 2017. aastal tunnustatud kui &#8220;Aasta \u00f5petaja 2017 nominent&#8221;.<br>Kontakttelefon: 58380138<\/p>\n<\/div><\/div>\n","protected":false},"excerpt":{"rendered":"<div class=\"mh-excerpt\"><p>SVEN ANDRESENK\u00f5rgem tehniline (mag). Autoinsener. Mootors\u00f5idukijuhi \u00f5petaja kutse, tase 6 (kategooriad B, C, D). Koolitaja alates 1983. aastast.Kontakttelefon: 5106096 AIVAR PIHLAK\u00f5rgem pedagoogiline (bak.), tehniline keskeriharidus. <a class=\"mh-excerpt-more\" href=\"https:\/\/kosekoolitus.ee\/?page_id=15\" title=\"\u00d5petajad\"><span>Read More<\/span><\/a><\/p>\n<\/div>","protected":false},"author":1,"featured_media":0,"parent":0,"menu_order":0,"comment_status":"closed","ping_status":"closed","template":"template-full.php","meta":{"footnotes":""},"_links":{"self":[{"href":"https:\/\/kosekoolitus.ee\/index.php?rest_route=\/wp\/v2\/pages\/15"}],"collection":[{"href":"https:\/\/kosekoolitus.ee\/index.php?rest_route=\/wp\/v2\/pages"}],"about":[{"href":"https:\/\/kosekoolitus.ee\/index.php?rest_route=\/wp\/v2\/types\/page"}],"author":[{"embeddable":true,"href":"https:\/\/kosekoolitus.ee\/index.php?rest_route=\/wp\/v2\/users\/1"}],"replies":[{"embeddable":true,"href":"https:\/\/kosekoolitus.ee\/index.php?rest_route=%2Fwp%2Fv2%2Fcomments&post=15"}],"version-history":[{"count":5,"href":"https:\/\/kosekoolitus.ee\/index.php?rest_route=\/wp\/v2\/pages\/15\/revisions"}],"predecessor-version":[{"id":395,"href":"https:\/\/kosekoolitus.ee\/index.php?rest_route=\/wp\/v2\/pages\/15\/revisions\/395"}],"wp:attachment":[{"href":"https:\/\/kosekoolitus.ee\/index.php?rest_route=%2Fwp%2Fv2%2Fmedia&parent=15"}],"curies":[{"name":"wp","href":"https:\/\/api.w.org\/{rel}","templated":true}]}}