{"id":2,"date":"2016-08-18T10:34:54","date_gmt":"2016-08-18T07:34:54","guid":{"rendered":"https:\/\/kosekoolitus.ee\/?page_id=2"},"modified":"2026-05-06T12:56:09","modified_gmt":"2026-05-06T09:56:09","slug":"demoleht","status":"publish","type":"page","link":"https:\/\/kosekoolitus.ee\/","title":{"rendered":"Autokool"},"content":{"rendered":"\n<div class=\"wp-block-columns is-layout-flex wp-container-core-columns-is-layout-1 wp-block-columns-is-layout-flex\">\n<div class=\"wp-block-column is-layout-flow wp-block-column-is-layout-flow\">\n<p><\/p>\n\n\n\n<h2 class=\"wp-block-heading\">\u00d5ppet\u00f6\u00f6 kevad 2026<\/h2>\n\n\n\n<p><strong>Konsultatsioonid ja proovieksam 11. mail<\/strong> <strong>kl 18:30<\/strong> <strong>arvutiklassis.<\/strong> <\/p>\n\n\n\n<p><strong>Eelmine eksam nurjus Liikluslabi keskkonnas tehtud turvamuudatuste t\u00f5ttu<\/strong>.<\/p>\n\n\n\n<p><strong>Vabandame!<\/strong><\/p>\n\n\n\n<p><strong>\u00d5ppes\u00f5it kokkuleppel s\u00f5idu\u00f5petajaga.<\/strong><\/p>\n\n\n\n<p><\/p>\n\n\n\n<h2 class=\"wp-block-heading\"><\/h2>\n\n\n\n<h2 class=\"wp-block-heading\">Eksamid<\/h2>\n\n\n\n<p class=\"has-medium-font-size\"><strong>Teooriaeksam 11. mail kl 18:30 g\u00fcmnaasiumi arvutiklassis. S\u00f5idueksam Paides p\u00fchap\u00e4eval, 10. mail ja 17. mail stardime kl 9 Koselt.<\/strong><\/p>\n\n\n\n<p><\/p>\n\n\n\n<p class=\"has-medium-font-size\">Koosk\u00f5lastage s\u00f5idueksami aeg oma s\u00f5idu\u00f5petajaga. Enne korduseksamit tuleb l\u00e4bida v\u00e4hemalt kaks t\u00e4iendavat s\u00f5idutundi (sissekanne s\u00f5idukaardile).<\/p>\n\n\n\n<p class=\"has-medium-font-size\"><\/p>\n\n\n\n<p class=\"has-medium-font-size\">Aivar Pihla ja Sven Andresen<\/p>\n\n\n\n<h2 class=\"wp-block-heading\">Meie koolist<\/h2>\n\n\n\n<p>Mittetulundus\u00fchingule Kose Koolitus on Haridus- ja Teadusministeeriumi poolt v\u00e4ljastatud tegevusluba mootors\u00f5idukijuhtide koolitamiseks A-, B-, BE-, A1- ja A2-kategoorias.  <\/p>\n\n\n\n<p>Alus: ministri 14.06.2012 k\u00e4skkiri nr 303.<\/p>\n\n\n\n<p>MT\u00dc Kose Koolitus on asutatud 2005. aastal. Koolituse aluseks on mootors\u00f5iduki juhi ettevalmistamise riiklikud \u00f5ppekavad. Teeme koost\u00f6\u00f6d Aide Autokooliga (riskiv\u00e4ltimise koolitus, pimeda aja s\u00f5idu koolitus) ja Andrus Lehtmetsaga (esmaabikoolitus).<\/p>\n\n\n\n<p>Meie eesm\u00e4rk on \u00f5petada Teid turvaliselt ja ohutult liiklema. Meie kogemusele ja professionaalsusele v\u00f5ite loota!<\/p>\n<\/div>\n<\/div>\n","protected":false},"excerpt":{"rendered":"<div class=\"mh-excerpt\"><p>\u00d5ppet\u00f6\u00f6 kevad 2026 Konsultatsioonid ja proovieksam 11. mail kl 18:30 arvutiklassis. Eelmine eksam nurjus Liikluslabi keskkonnas tehtud turvamuudatuste t\u00f5ttu. Vabandame! \u00d5ppes\u00f5it kokkuleppel s\u00f5idu\u00f5petajaga. Eksamid Teooriaeksam <a class=\"mh-excerpt-more\" href=\"https:\/\/kosekoolitus.ee\/\" title=\"Autokool\"><span>Read More<\/span><\/a><\/p>\n<\/div>","protected":false},"author":1,"featured_media":0,"parent":0,"menu_order":0,"comment_status":"closed","ping_status":"open","template":"template-full.php","meta":{"footnotes":""},"_links":{"self":[{"href":"https:\/\/kosekoolitus.ee\/index.php?rest_route=\/wp\/v2\/pages\/2"}],"collection":[{"href":"https:\/\/kosekoolitus.ee\/index.php?rest_route=\/wp\/v2\/pages"}],"about":[{"href":"https:\/\/kosekoolitus.ee\/index.php?rest_route=\/wp\/v2\/types\/page"}],"author":[{"embeddable":true,"href":"https:\/\/kosekoolitus.ee\/index.php?rest_route=\/wp\/v2\/users\/1"}],"replies":[{"embeddable":true,"href":"https:\/\/kosekoolitus.ee\/index.php?rest_route=%2Fwp%2Fv2%2Fcomments&post=2"}],"version-history":[{"count":8,"href":"https:\/\/kosekoolitus.ee\/index.php?rest_route=\/wp\/v2\/pages\/2\/revisions"}],"predecessor-version":[{"id":529,"href":"https:\/\/kosekoolitus.ee\/index.php?rest_route=\/wp\/v2\/pages\/2\/revisions\/529"}],"wp:attachment":[{"href":"https:\/\/kosekoolitus.ee\/index.php?rest_route=%2Fwp%2Fv2%2Fmedia&parent=2"}],"curies":[{"name":"wp","href":"https:\/\/api.w.org\/{rel}","templated":true}]}}