{"id":306,"date":"2022-11-08T20:22:44","date_gmt":"2022-11-08T18:22:44","guid":{"rendered":"https:\/\/kosekoolitus.ee\/?page_id=306"},"modified":"2022-11-08T20:22:44","modified_gmt":"2022-11-08T18:22:44","slug":"oppe-korraldus","status":"publish","type":"page","link":"https:\/\/kosekoolitus.ee\/?page_id=306","title":{"rendered":"\u00d5ppe korraldus"},"content":{"rendered":"\n<p><strong>\u00d5ppekorralduse alused<\/strong><\/p>\n\n\n\n<p>Koolitusele registreerimiseks t\u00e4itke eelregistreerimise k\u00fcsimustik kooli kodulehek\u00fcljel, lisades enda kontaktandmed. (vastavalt taotletava juhtimis\u00f5iguse kategooriale). V\u00f5tame Teiega \u00fchendust n\u00e4dala jooksul.<\/p>\n\n\n\n<p>Seej\u00e4rel kuulutame v\u00e4lja avaloengu. Vastav info on leitav kooli kodulehek\u00fcljel ja valla teatetahvlitel. Saadame Teile kutse ka e-posti aadressile.<\/p>\n\n\n\n<p>B-kategooria esma\u00f5ppe algastme koolitus toimub reeglina kaks korda aastas. Esimene \u00f5pper\u00fchm alustab t\u00f6\u00f6d septembris ja \u00f5ppet\u00f6\u00f6 l\u00f5peb orienteeruvalt detsembris, teine \u00f5pper\u00fchm alustab t\u00f6\u00f6d jaanuaris ja \u00f5ppet\u00f6\u00f6 l\u00f5peb orienteeruvalt mais.<\/p>\n\n\n\n<p>A1-, A2-, A-, BE-kategooriate ja l\u00f5ppastme koolitus avatakse r\u00fchmade t\u00e4itumisel. Teavitame Teid e-posti vahendusel.<\/p>\n\n\n\n<p>Avaloengul tutvustame \u00f5ppekava ja kooli t\u00f6\u00f6korraldust. Koolitusega liitujatega s\u00f5lmib MT\u00dc Kose Koolitus koolituslepingu (koolitustingimused) mille \u00f5pilane allkirjastab.<\/p>\n\n\n\n<p>Leping sisaldab:<\/p>\n\n\n\n<ul>\n<li>kursuse nimetust (vastavalt \u00f5ppekavale),<\/li>\n\n\n\n<li>toimumispaika,<\/li>\n\n\n\n<li>kooli esindaja kontaktrandmeid,<\/li>\n\n\n\n<li>koolituse mahtu ja maksumust (osade kaupa),<\/li>\n\n\n\n<li>kooli ja Rahandusministeeriumi pangarekvisiite.<\/li>\n<\/ul>\n\n\n\n<p>Palume kaasa v\u00f5tta&nbsp;koopia ID-kaardist, 1v\u00e4rvifoto&nbsp;(m\u00f5\u00f5tmetega 3,5\u00d74,5cm) \u00f5ppes\u00f5idukaardile. &nbsp;Eelnevalt oleks soovitav l\u00e4bida arstlik kontroll ja omada kehtivat s\u00f5idukijuhi terviset\u00f5endit (perearst)!<\/p>\n\n\n\n<p>Seej\u00e4rel avab kool r\u00fchma registreerides selle Transpordiameti e-keskkonnas.<\/p>\n\n\n\n<p>Koolitusest loobumisest teavitab \u00f5ppija kooli esimesel v\u00f5imalusel. \u00d5ppuri n\u00f5udmisel v\u00e4ljastame t\u00f5endi l\u00e4bitud \u00f5pingute kohta ja tagastame vastavas mahus ettemakstud koolitusmaksed.<\/p>\n\n\n\n<p>Kokkuleppel kooli esindajaga v\u00f5ib toimuda \u00f5ppet\u00f6\u00f6 Liikluslab.ee veebikeskkonnas. Juurdep\u00e4\u00e4su koolitusesle avab sel juhul kool.<\/p>\n\n\n\n<p>Kursuse l\u00f5petamiseks peab \u00f5ppija sooritama positiivsele hindele kolm vahearvestust, sooritama kooli teooria- ja s\u00f5idueksami. Tulemusi hinnatakse viie-palli skaalal.<\/p>\n\n\n\n<p>\u00d5ppekava edukal l\u00e4bimisel v\u00e4ljastab kool tunnistuse (riiklikult kinnitatud, nummerdatud vorm, andmed kantakse Traspordiameti andmebaasi). Tunnistused ja s\u00f5idukaardid regitreeritakse vastavas raamatus, \u00f5ppija kinnitab dokumendi k\u00e4ttesaamist allkirjaga.<\/p>\n\n\n\n<p>\u00d5ppetasu kantakse&nbsp; MT\u00dc Kose Koolitus arvelduskontole. Makst\u00e4htaeg teooriakursuse eest tasumiseks on esimene \u00f5ppet\u00f6\u00f6 p\u00e4ev, s\u00f5idutundide eest tasub reeglina \u00f5ppija osade kaupa (korraga k\u00fcmne tunni ulatuses) enne esimest s\u00f5idutundi v\u00f5i k\u00fcmne tunni t\u00e4itudes. Vajadusel esitab kool arve.<\/p>\n\n\n\n<p>K\u00f5ik koolitustasud fikseeritakse koolituslepingus ja neid \u00f5ppeperioodil ei muudeta. \u00d5ppetasu sisaldab ka jaotusmaterjali (\u00f5pik, testid) maksumust.<\/p>\n\n\n\n<p>Kose G\u00fcmnaasiumi \u00f5pilased, kes on valinud Auto\u00f5petuse valikainena on vabastatud teeoriakursuse tasust. Nende ainevaliku kinnitab g\u00fcmnaasiumi \u00f5ppejuht.<\/p>\n\n\n\n<p>\u00d5ppet\u00f6\u00f6 toimub Kose G\u00fcmnaasiumi ruumides (loenguklass ja arvutiklass). Veebikoolitusel liikluslab.ee keskkonnas. Loengud toimuvad esmasp\u00e4eviti ja kolmap\u00e4eviti algusega kl 18:30. \u00dche loengu kestus on 1,5 tundi (2 ak tundi). Osav\u00f5tu registreerib \u00f5petaja e-p\u00e4eviku vormis.<\/p>\n\n\n\n<p>Kursusel osalejatele laienevad k\u00f5ik Kose G\u00fcmnaasiumi sisekorra-eeskirja n\u00f5uded.<\/p>\n\n\n\n<p>S\u00f5idu\u00f5pe on individuaal\u00f5pe ja toimub graafiku alusel kokkuleppel s\u00f5idu\u00f5petajaga.<\/p>\n\n\n\n<p>\u00d5ppur on kohustatud s\u00f5idutundi mitteilmumisest teavitama s\u00f5idu\u00f5petajat hiljemalt plaanilisele \u00f5ppet\u00f6\u00f6le eelneval p\u00e4eval. Vastasel korral tasub \u00f5pilane \u00e4raj\u00e4\u00e4nud tunni eest t\u00e4ismahus.<\/p>\n\n\n\n<p>Kooli asjaajamine ja \u00f5ppet\u00f6\u00f6 toimuvad reeglina eesti keeles. Vajadusel saab \u00f5ppida ka vene keeles.<\/p>\n\n\n\n<p>K\u00f5ik \u00f5ppekorraldusega seotud vaidlused lahendatakse l\u00e4bir\u00e4\u00e4kimiste teel, kooli esindab seejuures v\u00e4hemalt \u00fcks MT\u00dc Kose Koolitus juhatuse liige.<\/p>\n\n\n\n<p><strong>Koolituse kvaliteedi tagamine<\/strong><\/p>\n\n\n\n<p>S\u00f5idukijuhi koolituse aluseks on kehtivad riiklikud \u00f5ppekavad, mida uuendatakse Liiklusseaduse ja vastavate m\u00e4\u00e4ruste muutudes.<\/p>\n\n\n\n<p>MT\u00dc Kose koolitus \u00f5petajad on k\u00f5ik saanud n\u00f5uetekohase ettevalmistuse ja omavad pikaajalist s\u00f5idukijuhikoolitaja kogemust. \u00d5petajad l\u00e4bivad erialase t\u00e4iendkoolituse (TTK, TLU, TT\u00dc) iga viie aasta tagant.<\/p>\n\n\n\n<p>\u00d5ppet\u00f6\u00f6s kasutatakse t\u00e4nap\u00e4evaseid \u00f5ppevahendeid ja tehnoloogiat, mida regulaarselt ka uuendatakse. \u00d5ppevahendeid hoiustatakse Kose G\u00fcmnaasiumi ruumides.<\/p>\n\n\n\n<p>Tagasiside \u00f5ppuritelt laekub kooli e-aadressile. Saadav informatsioon viiakse asjaosalisteni ja on aluseks koolituse taseme t\u00f5stmisel.<\/p>\n","protected":false},"excerpt":{"rendered":"<div class=\"mh-excerpt\"><p>\u00d5ppekorralduse alused Koolitusele registreerimiseks t\u00e4itke eelregistreerimise k\u00fcsimustik kooli kodulehek\u00fcljel, lisades enda kontaktandmed. (vastavalt taotletava juhtimis\u00f5iguse kategooriale). V\u00f5tame Teiega \u00fchendust n\u00e4dala jooksul. Seej\u00e4rel kuulutame v\u00e4lja avaloengu. <a class=\"mh-excerpt-more\" href=\"https:\/\/kosekoolitus.ee\/?page_id=306\" title=\"\u00d5ppe korraldus\"><span>Read More<\/span><\/a><\/p>\n<\/div>","protected":false},"author":2,"featured_media":0,"parent":0,"menu_order":0,"comment_status":"closed","ping_status":"closed","template":"","meta":{"footnotes":""},"_links":{"self":[{"href":"https:\/\/kosekoolitus.ee\/index.php?rest_route=\/wp\/v2\/pages\/306"}],"collection":[{"href":"https:\/\/kosekoolitus.ee\/index.php?rest_route=\/wp\/v2\/pages"}],"about":[{"href":"https:\/\/kosekoolitus.ee\/index.php?rest_route=\/wp\/v2\/types\/page"}],"author":[{"embeddable":true,"href":"https:\/\/kosekoolitus.ee\/index.php?rest_route=\/wp\/v2\/users\/2"}],"replies":[{"embeddable":true,"href":"https:\/\/kosekoolitus.ee\/index.php?rest_route=%2Fwp%2Fv2%2Fcomments&post=306"}],"version-history":[{"count":1,"href":"https:\/\/kosekoolitus.ee\/index.php?rest_route=\/wp\/v2\/pages\/306\/revisions"}],"predecessor-version":[{"id":307,"href":"https:\/\/kosekoolitus.ee\/index.php?rest_route=\/wp\/v2\/pages\/306\/revisions\/307"}],"wp:attachment":[{"href":"https:\/\/kosekoolitus.ee\/index.php?rest_route=%2Fwp%2Fv2%2Fmedia&parent=306"}],"curies":[{"name":"wp","href":"https:\/\/api.w.org\/{rel}","templated":true}]}}